{"id":60,"date":"2014-07-22T14:59:15","date_gmt":"2014-07-22T14:59:15","guid":{"rendered":"http:\/\/lcdl.r-twerk.com\/en\/?page_id=60"},"modified":"2022-04-21T12:45:16","modified_gmt":"2022-04-21T10:45:16","slug":"canigo","status":"publish","type":"page","link":"https:\/\/www.lacasadellado.cat\/en\/canigo\/","title":{"rendered":"Canig\u00f3 House"},"content":{"rendered":"\n<p>Canig\u00f3 house has room for six people. It is separated from the other two by a garden and a porch that gives it more privacy. The house is completely surrounded by vegetation and as it&#8217;s name suggests from there you have some fantastic views of the mountain of the same name, Canig\u00f3.The snow covered ridges are especially beautiful during winter.<\/p>\n\n\n\n<ul class=\"wp-block-list\"><li style=\"text-align: justify;\">The house has a fully equiped kitchen,&nbsp;a large living room&nbsp;with a wood burning oven, two bedrooms sleeping a maximum of three in each, one of them has a double bed,&nbsp;&nbsp;and a special bathroom with a garden inside and a large window with views of the&nbsp;countryside.<\/li><li>All the houses have underfloor heating, TV&nbsp;and wifi.<\/li><li>The house has a terrace with &nbsp;garden furniture and barbecue.<\/li><li>There is a washing&nbsp;machine available in its own room, this is shared by the three&nbsp;apartments.<\/li><li>There is a swimming pool for use of the three appartments<\/li><li>We provide private parking.<\/li><li>Click or tap on the picture to see it larger.<\/li><\/ul>\n\n\nngg_shortcode_0_placeholder\n","protected":false},"excerpt":{"rendered":"<p>Canig\u00f3 house has room for six people. It is separated from the other two by a garden and a porch that gives it more privacy. The house is completely surrounded by vegetation and as it&#8217;s name suggests from there you<\/p>\n","protected":false},"author":1,"featured_media":2498,"parent":0,"menu_order":0,"comment_status":"closed","ping_status":"closed","template":"","meta":{"ngg_post_thumbnail":0,"_vp_format_video_url":"","_vp_image_focal_point":[],"footnotes":""},"class_list":["post-60","page","type-page","status-publish","has-post-thumbnail","hentry"],"yoast_head":"<!-- This site is optimized with the Yoast SEO plugin v27.5 - https:\/\/yoast.com\/product\/yoast-seo-wordpress\/ -->\n<title>Canig\u00f3 House - La Casa de Llad\u00f3<\/title>\n<meta name=\"robots\" content=\"index, follow, max-snippet:-1, max-image-preview:large, max-video-preview:-1\" \/>\n<link rel=\"canonical\" href=\"https:\/\/www.lacasadellado.cat\/en\/canigo\/\" \/>\n<meta property=\"og:locale\" content=\"en_US\" \/>\n<meta property=\"og:type\" content=\"article\" \/>\n<meta property=\"og:title\" content=\"Canig\u00f3 House - La Casa de Llad\u00f3\" \/>\n<meta property=\"og:description\" content=\"Canig\u00f3 house has room for six people. It is separated from the other two by a garden and a porch that gives it more privacy. The house is completely surrounded by vegetation and as it&#8217;s name suggests from there you\" \/>\n<meta property=\"og:url\" content=\"https:\/\/www.lacasadellado.cat\/en\/canigo\/\" \/>\n<meta property=\"og:site_name\" content=\"La Casa de Llad\u00f3\" \/>\n<meta property=\"article:modified_time\" content=\"2022-04-21T10:45:16+00:00\" \/>\n<meta property=\"og:image\" content=\"https:\/\/www.lacasadellado.cat\/en\/wp-content\/uploads\/sites\/2\/2022\/04\/canigo-featured-image.webp\" \/>\n\t<meta property=\"og:image:width\" content=\"1000\" \/>\n\t<meta property=\"og:image:height\" content=\"667\" \/>\n\t<meta property=\"og:image:type\" content=\"image\/webp\" \/>\n<meta name=\"twitter:label1\" content=\"Est. reading time\" \/>\n\t<meta name=\"twitter:data1\" content=\"1 minute\" \/>\n<script type=\"application\/ld+json\" class=\"yoast-schema-graph\">{\"@context\":\"https:\\\/\\\/schema.org\",\"@graph\":[{\"@type\":\"WebPage\",\"@id\":\"https:\\\/\\\/www.lacasadellado.cat\\\/en\\\/canigo\\\/\",\"url\":\"https:\\\/\\\/www.lacasadellado.cat\\\/en\\\/canigo\\\/\",\"name\":\"Canig\u00f3 House - La Casa de Llad\u00f3\",\"isPartOf\":{\"@id\":\"https:\\\/\\\/www.lacasadellado.cat\\\/en\\\/#website\"},\"primaryImageOfPage\":{\"@id\":\"https:\\\/\\\/www.lacasadellado.cat\\\/en\\\/canigo\\\/#primaryimage\"},\"image\":{\"@id\":\"https:\\\/\\\/www.lacasadellado.cat\\\/en\\\/canigo\\\/#primaryimage\"},\"thumbnailUrl\":\"https:\\\/\\\/www.lacasadellado.cat\\\/en\\\/wp-content\\\/uploads\\\/sites\\\/2\\\/2022\\\/04\\\/canigo-featured-image.webp\",\"datePublished\":\"2014-07-22T14:59:15+00:00\",\"dateModified\":\"2022-04-21T10:45:16+00:00\",\"breadcrumb\":{\"@id\":\"https:\\\/\\\/www.lacasadellado.cat\\\/en\\\/canigo\\\/#breadcrumb\"},\"inLanguage\":\"en-US\",\"potentialAction\":[{\"@type\":\"ReadAction\",\"target\":[\"https:\\\/\\\/www.lacasadellado.cat\\\/en\\\/canigo\\\/\"]}]},{\"@type\":\"ImageObject\",\"inLanguage\":\"en-US\",\"@id\":\"https:\\\/\\\/www.lacasadellado.cat\\\/en\\\/canigo\\\/#primaryimage\",\"url\":\"https:\\\/\\\/www.lacasadellado.cat\\\/en\\\/wp-content\\\/uploads\\\/sites\\\/2\\\/2022\\\/04\\\/canigo-featured-image.webp\",\"contentUrl\":\"https:\\\/\\\/www.lacasadellado.cat\\\/en\\\/wp-content\\\/uploads\\\/sites\\\/2\\\/2022\\\/04\\\/canigo-featured-image.webp\",\"width\":1000,\"height\":667},{\"@type\":\"BreadcrumbList\",\"@id\":\"https:\\\/\\\/www.lacasadellado.cat\\\/en\\\/canigo\\\/#breadcrumb\",\"itemListElement\":[{\"@type\":\"ListItem\",\"position\":1,\"name\":\"Home\",\"item\":\"https:\\\/\\\/www.lacasadellado.cat\\\/en\\\/\"},{\"@type\":\"ListItem\",\"position\":2,\"name\":\"Canig\u00f3 House\"}]},{\"@type\":\"WebSite\",\"@id\":\"https:\\\/\\\/www.lacasadellado.cat\\\/en\\\/#website\",\"url\":\"https:\\\/\\\/www.lacasadellado.cat\\\/en\\\/\",\"name\":\"La Casa de Llad\u00f3\",\"description\":\"A window on l`Emporda\",\"publisher\":{\"@id\":\"https:\\\/\\\/www.lacasadellado.cat\\\/en\\\/#organization\"},\"potentialAction\":[{\"@type\":\"SearchAction\",\"target\":{\"@type\":\"EntryPoint\",\"urlTemplate\":\"https:\\\/\\\/www.lacasadellado.cat\\\/en\\\/?s={search_term_string}\"},\"query-input\":{\"@type\":\"PropertyValueSpecification\",\"valueRequired\":true,\"valueName\":\"search_term_string\"}}],\"inLanguage\":\"en-US\"},{\"@type\":\"Organization\",\"@id\":\"https:\\\/\\\/www.lacasadellado.cat\\\/en\\\/#organization\",\"name\":\"La Casa de Llad\u00f3\",\"url\":\"https:\\\/\\\/www.lacasadellado.cat\\\/en\\\/\",\"logo\":{\"@type\":\"ImageObject\",\"inLanguage\":\"en-US\",\"@id\":\"https:\\\/\\\/www.lacasadellado.cat\\\/en\\\/#\\\/schema\\\/logo\\\/image\\\/\",\"url\":\"https:\\\/\\\/www.lacasadellado.cat\\\/en\\\/wp-content\\\/uploads\\\/sites\\\/2\\\/2014\\\/07\\\/my-llado-logo-1-en.png\",\"contentUrl\":\"https:\\\/\\\/www.lacasadellado.cat\\\/en\\\/wp-content\\\/uploads\\\/sites\\\/2\\\/2014\\\/07\\\/my-llado-logo-1-en.png\",\"width\":167,\"height\":47,\"caption\":\"La Casa de Llad\u00f3\"},\"image\":{\"@id\":\"https:\\\/\\\/www.lacasadellado.cat\\\/en\\\/#\\\/schema\\\/logo\\\/image\\\/\"}}]}<\/script>\n<!-- \/ Yoast SEO plugin. -->","yoast_head_json":{"title":"Canig\u00f3 House - La Casa de Llad\u00f3","robots":{"index":"index","follow":"follow","max-snippet":"max-snippet:-1","max-image-preview":"max-image-preview:large","max-video-preview":"max-video-preview:-1"},"canonical":"https:\/\/www.lacasadellado.cat\/en\/canigo\/","og_locale":"en_US","og_type":"article","og_title":"Canig\u00f3 House - La Casa de Llad\u00f3","og_description":"Canig\u00f3 house has room for six people. It is separated from the other two by a garden and a porch that gives it more privacy. The house is completely surrounded by vegetation and as it&#8217;s name suggests from there you","og_url":"https:\/\/www.lacasadellado.cat\/en\/canigo\/","og_site_name":"La Casa de Llad\u00f3","article_modified_time":"2022-04-21T10:45:16+00:00","og_image":[{"width":1000,"height":667,"url":"https:\/\/www.lacasadellado.cat\/en\/wp-content\/uploads\/sites\/2\/2022\/04\/canigo-featured-image.webp","type":"image\/webp"}],"twitter_misc":{"Est. reading time":"1 minute"},"schema":{"@context":"https:\/\/schema.org","@graph":[{"@type":"WebPage","@id":"https:\/\/www.lacasadellado.cat\/en\/canigo\/","url":"https:\/\/www.lacasadellado.cat\/en\/canigo\/","name":"Canig\u00f3 House - La Casa de Llad\u00f3","isPartOf":{"@id":"https:\/\/www.lacasadellado.cat\/en\/#website"},"primaryImageOfPage":{"@id":"https:\/\/www.lacasadellado.cat\/en\/canigo\/#primaryimage"},"image":{"@id":"https:\/\/www.lacasadellado.cat\/en\/canigo\/#primaryimage"},"thumbnailUrl":"https:\/\/www.lacasadellado.cat\/en\/wp-content\/uploads\/sites\/2\/2022\/04\/canigo-featured-image.webp","datePublished":"2014-07-22T14:59:15+00:00","dateModified":"2022-04-21T10:45:16+00:00","breadcrumb":{"@id":"https:\/\/www.lacasadellado.cat\/en\/canigo\/#breadcrumb"},"inLanguage":"en-US","potentialAction":[{"@type":"ReadAction","target":["https:\/\/www.lacasadellado.cat\/en\/canigo\/"]}]},{"@type":"ImageObject","inLanguage":"en-US","@id":"https:\/\/www.lacasadellado.cat\/en\/canigo\/#primaryimage","url":"https:\/\/www.lacasadellado.cat\/en\/wp-content\/uploads\/sites\/2\/2022\/04\/canigo-featured-image.webp","contentUrl":"https:\/\/www.lacasadellado.cat\/en\/wp-content\/uploads\/sites\/2\/2022\/04\/canigo-featured-image.webp","width":1000,"height":667},{"@type":"BreadcrumbList","@id":"https:\/\/www.lacasadellado.cat\/en\/canigo\/#breadcrumb","itemListElement":[{"@type":"ListItem","position":1,"name":"Home","item":"https:\/\/www.lacasadellado.cat\/en\/"},{"@type":"ListItem","position":2,"name":"Canig\u00f3 House"}]},{"@type":"WebSite","@id":"https:\/\/www.lacasadellado.cat\/en\/#website","url":"https:\/\/www.lacasadellado.cat\/en\/","name":"La Casa de Llad\u00f3","description":"A window on l`Emporda","publisher":{"@id":"https:\/\/www.lacasadellado.cat\/en\/#organization"},"potentialAction":[{"@type":"SearchAction","target":{"@type":"EntryPoint","urlTemplate":"https:\/\/www.lacasadellado.cat\/en\/?s={search_term_string}"},"query-input":{"@type":"PropertyValueSpecification","valueRequired":true,"valueName":"search_term_string"}}],"inLanguage":"en-US"},{"@type":"Organization","@id":"https:\/\/www.lacasadellado.cat\/en\/#organization","name":"La Casa de Llad\u00f3","url":"https:\/\/www.lacasadellado.cat\/en\/","logo":{"@type":"ImageObject","inLanguage":"en-US","@id":"https:\/\/www.lacasadellado.cat\/en\/#\/schema\/logo\/image\/","url":"https:\/\/www.lacasadellado.cat\/en\/wp-content\/uploads\/sites\/2\/2014\/07\/my-llado-logo-1-en.png","contentUrl":"https:\/\/www.lacasadellado.cat\/en\/wp-content\/uploads\/sites\/2\/2014\/07\/my-llado-logo-1-en.png","width":167,"height":47,"caption":"La Casa de Llad\u00f3"},"image":{"@id":"https:\/\/www.lacasadellado.cat\/en\/#\/schema\/logo\/image\/"}}]}},"_links":{"self":[{"href":"https:\/\/www.lacasadellado.cat\/en\/wp-json\/wp\/v2\/pages\/60","targetHints":{"allow":["GET"]}}],"collection":[{"href":"https:\/\/www.lacasadellado.cat\/en\/wp-json\/wp\/v2\/pages"}],"about":[{"href":"https:\/\/www.lacasadellado.cat\/en\/wp-json\/wp\/v2\/types\/page"}],"author":[{"embeddable":true,"href":"https:\/\/www.lacasadellado.cat\/en\/wp-json\/wp\/v2\/users\/1"}],"replies":[{"embeddable":true,"href":"https:\/\/www.lacasadellado.cat\/en\/wp-json\/wp\/v2\/comments?post=60"}],"version-history":[{"count":0,"href":"https:\/\/www.lacasadellado.cat\/en\/wp-json\/wp\/v2\/pages\/60\/revisions"}],"wp:featuredmedia":[{"embeddable":true,"href":"https:\/\/www.lacasadellado.cat\/en\/wp-json\/wp\/v2\/media\/2498"}],"wp:attachment":[{"href":"https:\/\/www.lacasadellado.cat\/en\/wp-json\/wp\/v2\/media?parent=60"}],"curies":[{"name":"wp","href":"https:\/\/api.w.org\/{rel}","templated":true}]}}